{"id":12307,"date":"2024-02-01T22:36:10","date_gmt":"2024-02-01T21:36:10","guid":{"rendered":"https:\/\/storyum.eu\/?page_id=12307"},"modified":"2024-10-08T11:37:28","modified_gmt":"2024-10-08T10:37:28","slug":"impressum","status":"publish","type":"page","link":"https:\/\/storyum.eu\/en\/impressum\/","title":{"rendered":"Impressum"},"content":{"rendered":"<p>[et_pb_section fb_built=&#8221;1&#8243; admin_label=&#8221;Event Schedule&#8221; _builder_version=&#8221;4.23.4&#8243; _module_preset=&#8221;default&#8221; background_color=&#8221;#000000&#8243; use_background_color_gradient=&#8221;on&#8221; background_color_gradient_stops=&#8221;rgba(43,135,218,0.27) 0%|rgba(41,196,169,0.67) 100%&#8221; custom_margin=&#8221;-95px||||false|false&#8221; custom_padding=&#8221;95px||||false|false&#8221; border_color_all=&#8221;#000000&#8243; border_width_bottom=&#8221;8px&#8221; locked=&#8221;off&#8221; collapsed=&#8221;on&#8221; global_colors_info=&#8221;{}&#8221; theme_builder_area=&#8221;post_content&#8221;][et_pb_row _builder_version=&#8221;4.24.2&#8243; _module_preset=&#8221;default&#8221; width=&#8221;90%&#8221; max_width=&#8221;none&#8221; global_colors_info=&#8221;{}&#8221; theme_builder_area=&#8221;post_content&#8221;][et_pb_column type=&#8221;4_4&#8243; _builder_version=&#8221;4.24.2&#8243; _module_preset=&#8221;default&#8221; global_colors_info=&#8221;{}&#8221; theme_builder_area=&#8221;post_content&#8221;][et_pb_text _builder_version=&#8221;4.24.2&#8243; _module_preset=&#8221;8265c96e-47ca-41be-8780-0df7acc4cf48&#8243; header_font=&#8221;Orbitron|700|||||||&#8221; header_text_align=&#8221;center&#8221; header_text_color=&#8221;#FFFFFF&#8221; header_font_size=&#8221;80px&#8221; custom_margin=&#8221;50px||||false|false&#8221; custom_padding=&#8221;0px||||false|false&#8221; animation_style=&#8221;fade&#8221; header_font_size_tablet=&#8221;80px&#8221; header_font_size_phone=&#8221;34px&#8221; header_font_size_last_edited=&#8221;on|tablet&#8221; header_text_shadow_style=&#8221;preset1&#8243; global_colors_info=&#8221;{}&#8221; theme_builder_area=&#8221;post_content&#8221;]<\/p>\n<h1><span style=\"color: rgba(109, 253, 255, 1);\">Impressum<\/span><\/h1>\n<p>[\/et_pb_text][\/et_pb_column][\/et_pb_row][et_pb_row custom_padding_last_edited=&#8221;on|tablet&#8221; module_class=&#8221;et_pb_with_border et_pb_row_2&#8243; _builder_version=&#8221;4.24.2&#8243; _module_preset=&#8221;default&#8221; width=&#8221;90%&#8221; max_width=&#8221;1400px&#8221; custom_margin=&#8221;||||false|false&#8221; custom_padding=&#8221;||30px||false|false&#8221; custom_padding_tablet=&#8221;||30px||false|false&#8221; custom_padding_phone=&#8221;|15px|30px|15px|false|true&#8221; border_color_all=&#8221;#000000&#8243; border_width_bottom=&#8221;2px&#8221; locked=&#8221;off&#8221; global_colors_info=&#8221;{}&#8221; transform_styles__hover_enabled=&#8221;off|desktop&#8221; transform_scale__hover=&#8221;98%|98%&#8221; transform_scale__hover_enabled=&#8221;off|desktop&#8221; transform_translate__hover_enabled=&#8221;off|desktop&#8221; transform_rotate__hover_enabled=&#8221;off|desktop&#8221; transform_skew__hover_enabled=&#8221;off|desktop&#8221; transform_origin__hover_enabled=&#8221;off|desktop&#8221; theme_builder_area=&#8221;post_content&#8221;][et_pb_column type=&#8221;4_4&#8243; _builder_version=&#8221;4.24.2&#8243; _module_preset=&#8221;default&#8221; global_colors_info=&#8221;{}&#8221; theme_builder_area=&#8221;post_content&#8221;][et_pb_text _builder_version=&#8221;4.24.2&#8243; _module_preset=&#8221;default&#8221; text_font_size=&#8221;20px&#8221; text_orientation_tablet=&#8221;&#8221; text_orientation_phone=&#8221;left&#8221; text_orientation_last_edited=&#8221;on|phone&#8221; global_colors_info=&#8221;{}&#8221; theme_builder_area=&#8221;post_content&#8221;]<\/p>\n<p style=\"text-align: justify;\"><strong>1) <span> The data manager responsible for the content of the website and social media interface available at the internet address you are viewing &#8211; collectively hereinafter: website operator and the owner of the domain and website:<\/span><\/strong><\/p>\n<p style=\"text-align: justify;\"><strong>Janik Zsolt <\/strong><strong><\/strong><\/p>\n<p style=\"text-align: justify;\"><strong>Storyum band<\/strong><\/p>\n<p style=\"text-align: justify;\"><span>93032 Blatn\u00e1 na Ostrove (SK) 170.<br \/><\/span><span><\/span><\/p>\n<p style=\"text-align: justify;\"><strong>2.) The authority supervising data management:<\/strong><\/p>\n<p style=\"text-align: justify;\"><strong>National Data Protection and Freedom of Information Authority<\/strong><br \/>Headquarters: 1125 Budapest, Falk Miksa street 9-11.<br \/>Address: 1363 Budapest, Pf. 9.<br \/>Phone: +36 30 683 5969<br \/>Fax: +36 1 391 1410<br \/>E-mail: ugyfelszolgalat@naih.hu<br \/>Webpage: http:\/\/www.naih.hu\/<\/p>\n<p style=\"text-align: justify;\"><strong>3.) Hosting provider:<\/strong><\/p>\n<p style=\"text-align: justify;\"><strong>KTS Online Kft<\/strong><br \/>Tax number: 29152106-2-08.<br \/>Company registration number: 08-09-032885<br \/>In the register of the Company Court of the Gy\u0151r Court.<br \/>Statistical number: 29152106-6311-113-08.<br \/>Community tax number: HU29152106.<\/p>\n<p style=\"text-align: justify;\">HEADQUARTERS: 9024 Gy\u0151r, Bart\u00f3k B\u00e9la street 26\/B ground floor 2.<br \/>Phone: +36-20\/316-2431<br \/>E-MAIL info@kts.hu<\/p>\n<p style=\"text-align: justify;\">Server room:\u00a0 1132 Budapest, Victor Hug\u00f3 street 18-22.<\/p>\n<p style=\"text-align: justify;\"><strong>4.) If the User (consumer) lives in the European Union, he can use the following online dispute resolution tool of the European Commission regarding his complaint about the service.<\/strong><\/p>\n<p style=\"text-align: justify;\"><strong>The European Commission&#8217;s online dispute resolution platform<\/strong><\/p>\n<p>Website: <a href=\"https:\/\/webgate.ec.europa.eu\/odr\" target=\"_blank\" rel=\"noopener\">https:\/\/webgate.ec.europa.eu\/odr<\/a><\/p>\n<p style=\"text-align: justify;\">This internet-based platform was created by the EU for consumers who want to complain about products or services they have bought online and ask a neutral third party (dispute body) to handle the complaint.<\/p>\n<p style=\"text-align: justify;\">You can find more information about the online dispute resolution platform and its use, as well as how to resolve disputes, on the website accessible using the link above.<\/p>\n<p>[\/et_pb_text][\/et_pb_column][\/et_pb_row][\/et_pb_section]<\/p>\n","protected":false},"excerpt":{"rendered":"<p>Impressum1) The data manager responsible for the content of the website and social media interface available at the internet address you are viewing &#8211; collectively hereinafter: website operator and the owner of the domain and website: Janik Zsolt Storyum band 93032 Blatn\u00e1 na Ostrove (SK) 170. 2.) The authority supervising data management: National Data Protection [&hellip;]<\/p>\n","protected":false},"author":1,"featured_media":0,"parent":0,"menu_order":0,"comment_status":"closed","ping_status":"closed","template":"","meta":{"_et_pb_use_builder":"on","_et_pb_old_content":"","_et_gb_content_width":"","footnotes":""},"class_list":["post-12307","page","type-page","status-publish","hentry"],"_links":{"self":[{"href":"https:\/\/storyum.eu\/en\/wp-json\/wp\/v2\/pages\/12307","targetHints":{"allow":["GET"]}}],"collection":[{"href":"https:\/\/storyum.eu\/en\/wp-json\/wp\/v2\/pages"}],"about":[{"href":"https:\/\/storyum.eu\/en\/wp-json\/wp\/v2\/types\/page"}],"author":[{"embeddable":true,"href":"https:\/\/storyum.eu\/en\/wp-json\/wp\/v2\/users\/1"}],"replies":[{"embeddable":true,"href":"https:\/\/storyum.eu\/en\/wp-json\/wp\/v2\/comments?post=12307"}],"version-history":[{"count":3,"href":"https:\/\/storyum.eu\/en\/wp-json\/wp\/v2\/pages\/12307\/revisions"}],"predecessor-version":[{"id":13695,"href":"https:\/\/storyum.eu\/en\/wp-json\/wp\/v2\/pages\/12307\/revisions\/13695"}],"wp:attachment":[{"href":"https:\/\/storyum.eu\/en\/wp-json\/wp\/v2\/media?parent=12307"}],"curies":[{"name":"wp","href":"https:\/\/api.w.org\/{rel}","templated":true}]}}